{"id":429,"date":"2025-06-24T11:09:12","date_gmt":"2025-06-24T11:09:12","guid":{"rendered":"https:\/\/amena-on-ligne.tn\/?post_type=product&#038;p=429"},"modified":"2025-08-16T13:29:54","modified_gmt":"2025-08-16T13:29:54","slug":"carenage-bws-am-bleu","status":"publish","type":"product","link":"https:\/\/amena-on-ligne.tn\/?product=carenage-bws-am-bleu","title":{"rendered":"CARENAGE BWS AM \u00ab\u00a0spirite\u00a0\u00bb diff\u00e8rent couleur"},"content":{"rendered":"<p>Car\u00e9nage booster spirite ancien model , diff\u00e8rent couleur au chois du client , avec livraison gratuite sur toute le Tunisie<\/p>\n","protected":false},"excerpt":{"rendered":"<p>Car\u00e9nage booster spirite ancien model , diff\u00e8rent couleur au chois du client , avec livraison gratuite sur toute le Tunisie<\/p>\n","protected":false},"featured_media":430,"comment_status":"open","ping_status":"closed","template":"","meta":[],"product_brand":[],"product_cat":[36],"product_tag":[],"class_list":{"0":"post-429","1":"product","2":"type-product","3":"status-publish","4":"has-post-thumbnail","6":"product_cat-carenage","8":"first","9":"instock","10":"shipping-taxable","11":"purchasable","12":"product-type-simple"},"yoast_head":"<!-- This site is optimized with the Yoast SEO plugin v27.4 - https:\/\/yoast.com\/product\/yoast-seo-wordpress\/ -->\n<title>CARENAGE BWS AM &quot;spirite&quot; diff\u00e8rent couleur - Amena on ligne<\/title>\n<meta name=\"description\" content=\"CARENAGE BWS AM spirite , vente en ligne avec livraison. livraison gratuite, prix tunisie\" \/>\n<meta name=\"robots\" content=\"index, follow, max-snippet:-1, max-image-preview:large, max-video-preview:-1\" \/>\n<link rel=\"canonical\" href=\"https:\/\/amena-on-ligne.tn\/?product=carenage-bws-am-bleu\" \/>\n<meta property=\"og:locale\" content=\"fr_FR\" \/>\n<meta property=\"og:type\" content=\"article\" \/>\n<meta property=\"og:title\" content=\"CARENAGE BWS AM &quot;spirite&quot; diff\u00e8rent couleur - Amena on ligne\" \/>\n<meta property=\"og:description\" content=\"CARENAGE BWS AM spirite , vente en ligne avec livraison. livraison gratuite, prix tunisie\" \/>\n<meta property=\"og:url\" content=\"https:\/\/amena-on-ligne.tn\/?product=carenage-bws-am-bleu\" \/>\n<meta property=\"og:site_name\" content=\"Amena on ligne\" \/>\n<meta property=\"article:modified_time\" content=\"2025-08-16T13:29:54+00:00\" \/>\n<meta property=\"og:image\" content=\"https:\/\/amena-on-ligne.tn\/wp-content\/uploads\/2025\/06\/bc6871f56db7ed306a15585d310445c4ec08a1ec32664d26e8a3db827f13f5e8_lg.webp\" \/>\n\t<meta property=\"og:image:width\" content=\"800\" \/>\n\t<meta property=\"og:image:height\" content=\"800\" \/>\n\t<meta property=\"og:image:type\" content=\"image\/webp\" \/>\n<meta name=\"twitter:card\" content=\"summary_large_image\" \/>\n<meta name=\"twitter:label1\" content=\"Dur\u00e9e de lecture estim\u00e9e\" \/>\n\t<meta name=\"twitter:data1\" content=\"1 minute\" \/>\n<script type=\"application\/ld+json\" class=\"yoast-schema-graph\">{\"@context\":\"https:\\\/\\\/schema.org\",\"@graph\":[{\"@type\":\"WebPage\",\"@id\":\"https:\\\/\\\/amena-on-ligne.tn\\\/?product=carenage-bws-am-bleu\",\"url\":\"https:\\\/\\\/amena-on-ligne.tn\\\/?product=carenage-bws-am-bleu\",\"name\":\"CARENAGE BWS AM \\\"spirite\\\" diff\u00e8rent couleur - Amena on ligne\",\"isPartOf\":{\"@id\":\"https:\\\/\\\/amena-on-ligne.tn\\\/#website\"},\"primaryImageOfPage\":{\"@id\":\"https:\\\/\\\/amena-on-ligne.tn\\\/?product=carenage-bws-am-bleu#primaryimage\"},\"image\":{\"@id\":\"https:\\\/\\\/amena-on-ligne.tn\\\/?product=carenage-bws-am-bleu#primaryimage\"},\"thumbnailUrl\":\"https:\\\/\\\/amena-on-ligne.tn\\\/wp-content\\\/uploads\\\/2025\\\/06\\\/bc6871f56db7ed306a15585d310445c4ec08a1ec32664d26e8a3db827f13f5e8_lg.webp\",\"datePublished\":\"2025-06-24T11:09:12+00:00\",\"dateModified\":\"2025-08-16T13:29:54+00:00\",\"description\":\"CARENAGE BWS AM spirite , vente en ligne avec livraison. livraison gratuite, prix tunisie\",\"breadcrumb\":{\"@id\":\"https:\\\/\\\/amena-on-ligne.tn\\\/?product=carenage-bws-am-bleu#breadcrumb\"},\"inLanguage\":\"fr-FR\",\"potentialAction\":[{\"@type\":\"ReadAction\",\"target\":[\"https:\\\/\\\/amena-on-ligne.tn\\\/?product=carenage-bws-am-bleu\"]}]},{\"@type\":\"ImageObject\",\"inLanguage\":\"fr-FR\",\"@id\":\"https:\\\/\\\/amena-on-ligne.tn\\\/?product=carenage-bws-am-bleu#primaryimage\",\"url\":\"https:\\\/\\\/amena-on-ligne.tn\\\/wp-content\\\/uploads\\\/2025\\\/06\\\/bc6871f56db7ed306a15585d310445c4ec08a1ec32664d26e8a3db827f13f5e8_lg.webp\",\"contentUrl\":\"https:\\\/\\\/amena-on-ligne.tn\\\/wp-content\\\/uploads\\\/2025\\\/06\\\/bc6871f56db7ed306a15585d310445c4ec08a1ec32664d26e8a3db827f13f5e8_lg.webp\",\"width\":800,\"height\":800},{\"@type\":\"BreadcrumbList\",\"@id\":\"https:\\\/\\\/amena-on-ligne.tn\\\/?product=carenage-bws-am-bleu#breadcrumb\",\"itemListElement\":[{\"@type\":\"ListItem\",\"position\":1,\"name\":\"Accueil\",\"item\":\"https:\\\/\\\/amena-on-ligne.tn\\\/\"},{\"@type\":\"ListItem\",\"position\":2,\"name\":\"Boutique\",\"item\":\"https:\\\/\\\/amena-on-ligne.tn\\\/?page_id=6\"},{\"@type\":\"ListItem\",\"position\":3,\"name\":\"CARENAGE BWS AM \u00ab\u00a0spirite\u00a0\u00bb diff\u00e8rent couleur\"}]},{\"@type\":\"WebSite\",\"@id\":\"https:\\\/\\\/amena-on-ligne.tn\\\/#website\",\"url\":\"https:\\\/\\\/amena-on-ligne.tn\\\/\",\"name\":\"Amena on ligne\",\"description\":\"\",\"publisher\":{\"@id\":\"https:\\\/\\\/amena-on-ligne.tn\\\/#organization\"},\"potentialAction\":[{\"@type\":\"SearchAction\",\"target\":{\"@type\":\"EntryPoint\",\"urlTemplate\":\"https:\\\/\\\/amena-on-ligne.tn\\\/?s={search_term_string}\"},\"query-input\":{\"@type\":\"PropertyValueSpecification\",\"valueRequired\":true,\"valueName\":\"search_term_string\"}}],\"inLanguage\":\"fr-FR\"},{\"@type\":\"Organization\",\"@id\":\"https:\\\/\\\/amena-on-ligne.tn\\\/#organization\",\"name\":\"Amena on ligne\",\"url\":\"https:\\\/\\\/amena-on-ligne.tn\\\/\",\"logo\":{\"@type\":\"ImageObject\",\"inLanguage\":\"fr-FR\",\"@id\":\"https:\\\/\\\/amena-on-ligne.tn\\\/#\\\/schema\\\/logo\\\/image\\\/\",\"url\":\"https:\\\/\\\/amena-on-ligne.tn\\\/wp-content\\\/uploads\\\/2025\\\/05\\\/cropped-468636173_122099188136646614_3777726137887523133_n.jpg\",\"contentUrl\":\"https:\\\/\\\/amena-on-ligne.tn\\\/wp-content\\\/uploads\\\/2025\\\/05\\\/cropped-468636173_122099188136646614_3777726137887523133_n.jpg\",\"width\":955,\"height\":955,\"caption\":\"Amena on ligne\"},\"image\":{\"@id\":\"https:\\\/\\\/amena-on-ligne.tn\\\/#\\\/schema\\\/logo\\\/image\\\/\"}}]}<\/script>\n<!-- \/ Yoast SEO plugin. -->","yoast_head_json":{"title":"CARENAGE BWS AM \"spirite\" diff\u00e8rent couleur - Amena on ligne","description":"CARENAGE BWS AM spirite , vente en ligne avec livraison. livraison gratuite, prix tunisie","robots":{"index":"index","follow":"follow","max-snippet":"max-snippet:-1","max-image-preview":"max-image-preview:large","max-video-preview":"max-video-preview:-1"},"canonical":"https:\/\/amena-on-ligne.tn\/?product=carenage-bws-am-bleu","og_locale":"fr_FR","og_type":"article","og_title":"CARENAGE BWS AM \"spirite\" diff\u00e8rent couleur - Amena on ligne","og_description":"CARENAGE BWS AM spirite , vente en ligne avec livraison. livraison gratuite, prix tunisie","og_url":"https:\/\/amena-on-ligne.tn\/?product=carenage-bws-am-bleu","og_site_name":"Amena on ligne","article_modified_time":"2025-08-16T13:29:54+00:00","og_image":[{"width":800,"height":800,"url":"https:\/\/amena-on-ligne.tn\/wp-content\/uploads\/2025\/06\/bc6871f56db7ed306a15585d310445c4ec08a1ec32664d26e8a3db827f13f5e8_lg.webp","type":"image\/webp"}],"twitter_card":"summary_large_image","twitter_misc":{"Dur\u00e9e de lecture estim\u00e9e":"1 minute"},"schema":{"@context":"https:\/\/schema.org","@graph":[{"@type":"WebPage","@id":"https:\/\/amena-on-ligne.tn\/?product=carenage-bws-am-bleu","url":"https:\/\/amena-on-ligne.tn\/?product=carenage-bws-am-bleu","name":"CARENAGE BWS AM \"spirite\" diff\u00e8rent couleur - Amena on ligne","isPartOf":{"@id":"https:\/\/amena-on-ligne.tn\/#website"},"primaryImageOfPage":{"@id":"https:\/\/amena-on-ligne.tn\/?product=carenage-bws-am-bleu#primaryimage"},"image":{"@id":"https:\/\/amena-on-ligne.tn\/?product=carenage-bws-am-bleu#primaryimage"},"thumbnailUrl":"https:\/\/amena-on-ligne.tn\/wp-content\/uploads\/2025\/06\/bc6871f56db7ed306a15585d310445c4ec08a1ec32664d26e8a3db827f13f5e8_lg.webp","datePublished":"2025-06-24T11:09:12+00:00","dateModified":"2025-08-16T13:29:54+00:00","description":"CARENAGE BWS AM spirite , vente en ligne avec livraison. livraison gratuite, prix tunisie","breadcrumb":{"@id":"https:\/\/amena-on-ligne.tn\/?product=carenage-bws-am-bleu#breadcrumb"},"inLanguage":"fr-FR","potentialAction":[{"@type":"ReadAction","target":["https:\/\/amena-on-ligne.tn\/?product=carenage-bws-am-bleu"]}]},{"@type":"ImageObject","inLanguage":"fr-FR","@id":"https:\/\/amena-on-ligne.tn\/?product=carenage-bws-am-bleu#primaryimage","url":"https:\/\/amena-on-ligne.tn\/wp-content\/uploads\/2025\/06\/bc6871f56db7ed306a15585d310445c4ec08a1ec32664d26e8a3db827f13f5e8_lg.webp","contentUrl":"https:\/\/amena-on-ligne.tn\/wp-content\/uploads\/2025\/06\/bc6871f56db7ed306a15585d310445c4ec08a1ec32664d26e8a3db827f13f5e8_lg.webp","width":800,"height":800},{"@type":"BreadcrumbList","@id":"https:\/\/amena-on-ligne.tn\/?product=carenage-bws-am-bleu#breadcrumb","itemListElement":[{"@type":"ListItem","position":1,"name":"Accueil","item":"https:\/\/amena-on-ligne.tn\/"},{"@type":"ListItem","position":2,"name":"Boutique","item":"https:\/\/amena-on-ligne.tn\/?page_id=6"},{"@type":"ListItem","position":3,"name":"CARENAGE BWS AM \u00ab\u00a0spirite\u00a0\u00bb diff\u00e8rent couleur"}]},{"@type":"WebSite","@id":"https:\/\/amena-on-ligne.tn\/#website","url":"https:\/\/amena-on-ligne.tn\/","name":"Amena on ligne","description":"","publisher":{"@id":"https:\/\/amena-on-ligne.tn\/#organization"},"potentialAction":[{"@type":"SearchAction","target":{"@type":"EntryPoint","urlTemplate":"https:\/\/amena-on-ligne.tn\/?s={search_term_string}"},"query-input":{"@type":"PropertyValueSpecification","valueRequired":true,"valueName":"search_term_string"}}],"inLanguage":"fr-FR"},{"@type":"Organization","@id":"https:\/\/amena-on-ligne.tn\/#organization","name":"Amena on ligne","url":"https:\/\/amena-on-ligne.tn\/","logo":{"@type":"ImageObject","inLanguage":"fr-FR","@id":"https:\/\/amena-on-ligne.tn\/#\/schema\/logo\/image\/","url":"https:\/\/amena-on-ligne.tn\/wp-content\/uploads\/2025\/05\/cropped-468636173_122099188136646614_3777726137887523133_n.jpg","contentUrl":"https:\/\/amena-on-ligne.tn\/wp-content\/uploads\/2025\/05\/cropped-468636173_122099188136646614_3777726137887523133_n.jpg","width":955,"height":955,"caption":"Amena on ligne"},"image":{"@id":"https:\/\/amena-on-ligne.tn\/#\/schema\/logo\/image\/"}}]}},"_links":{"self":[{"href":"https:\/\/amena-on-ligne.tn\/index.php?rest_route=\/wp\/v2\/product\/429","targetHints":{"allow":["GET"]}}],"collection":[{"href":"https:\/\/amena-on-ligne.tn\/index.php?rest_route=\/wp\/v2\/product"}],"about":[{"href":"https:\/\/amena-on-ligne.tn\/index.php?rest_route=\/wp\/v2\/types\/product"}],"replies":[{"embeddable":true,"href":"https:\/\/amena-on-ligne.tn\/index.php?rest_route=%2Fwp%2Fv2%2Fcomments&post=429"}],"wp:featuredmedia":[{"embeddable":true,"href":"https:\/\/amena-on-ligne.tn\/index.php?rest_route=\/wp\/v2\/media\/430"}],"wp:attachment":[{"href":"https:\/\/amena-on-ligne.tn\/index.php?rest_route=%2Fwp%2Fv2%2Fmedia&parent=429"}],"wp:term":[{"taxonomy":"product_brand","embeddable":true,"href":"https:\/\/amena-on-ligne.tn\/index.php?rest_route=%2Fwp%2Fv2%2Fproduct_brand&post=429"},{"taxonomy":"product_cat","embeddable":true,"href":"https:\/\/amena-on-ligne.tn\/index.php?rest_route=%2Fwp%2Fv2%2Fproduct_cat&post=429"},{"taxonomy":"product_tag","embeddable":true,"href":"https:\/\/amena-on-ligne.tn\/index.php?rest_route=%2Fwp%2Fv2%2Fproduct_tag&post=429"}],"curies":[{"name":"wp","href":"https:\/\/api.w.org\/{rel}","templated":true}]}}